{"id":2010,"date":"2024-10-02T13:07:37","date_gmt":"2024-10-02T13:07:37","guid":{"rendered":"https:\/\/chemicalstore.ee\/toode\/dilute-bottle\/"},"modified":"2024-10-02T13:07:51","modified_gmt":"2024-10-02T13:07:51","slug":"dilute-bottle","status":"publish","type":"product","link":"https:\/\/chemicalstore.ee\/ru\/toode\/dilute-bottle\/","title":{"rendered":"Dilute bottle"},"content":{"rendered":"<p>CAR5 Dilute Bottle on mugav 500 ml mahutavusega pihustuspudel erinevate pesuainete levitamiseks. L\u00e4bipaistva pudeli k\u00fcljel on v\u00e4ga lihtsasti kasutatav lahjendustabel, kus on otse m\u00e4rgitud t\u00e4idetava vee ja pesuaine kogus iga lahjendussuhte jaoks nii protsentides kui ka murdarvuna (n\u00e4iteks 9% ja 1:10). Nii n\u00e4iteks erinevate pesuainekontsentraatide kasutamine ja lahjendamine on lihtne ilma suurema m\u00f5tlemiseta: lihtsalt t\u00e4ida vesi m\u00e4\u00e4ratud m\u00e4rgini ja \u00fclej\u00e4\u00e4nu pesuainega. Seej\u00e4rel segatakse pesuaine ja vesi hoolikalt loksutades. Pudel ise on valmistatud paksust, keemiale vastupidavast HDPE-st, nii et see talub nii erinevaid kemikaale kui ka l\u00f6\u00f6ke.<\/p>\n","protected":false},"excerpt":{"rendered":"<p>Car5CAR5 Dilute Bottle on mugav 500 ml mahutavusega pihustuspudel erinevate pesuainete pealekandmiseks. L\u00e4bipaistva pudeli k\u00fcljel on v\u00e4ga lihtsasti kasutatav lahjendustabel, kus on otse m\u00e4rgitud vee ja pesuaine kogus iga lahjendussuhte jaoks nii protsentides kui ka murdarvuna (n\u00e4iteks 9% ja 1:10). Nii saab n\u00e4iteks erinevaid pesuainekontsentraate kasutada ja lahjendada ilma suurema vaevata: lihtsalt t\u00e4ida vesi m\u00e4\u00e4ratud m\u00e4rgini ja \u00fclej\u00e4\u00e4nu pesuainega.<\/p>\n","protected":false},"featured_media":2011,"comment_status":"closed","ping_status":"open","template":"","meta":{"_monsterinsights_skip_tracking":false,"_monsterinsights_sitenote_active":false,"_monsterinsights_sitenote_note":"","_monsterinsights_sitenote_category":0},"product_brand":[],"product_cat":[35],"product_tag":[],"class_list":{"0":"post-2010","1":"product","2":"type-product","3":"status-publish","4":"has-post-thumbnail","6":"product_cat-puhastusvahendid-autohooldustooted","7":"pa_brand-car5","8":"pa_kasutusotstarve-erinevate-pesuainekontsentraatide-lahjendamine-ja-pealekandmine","9":"pa_uhiku-hind-3-9e-tk","11":"first","12":"instock","13":"taxable","14":"shipping-taxable","15":"purchasable","16":"product-type-simple"},"_links":{"self":[{"href":"https:\/\/chemicalstore.ee\/ru\/wp-json\/wp\/v2\/product\/2010","targetHints":{"allow":["GET"]}}],"collection":[{"href":"https:\/\/chemicalstore.ee\/ru\/wp-json\/wp\/v2\/product"}],"about":[{"href":"https:\/\/chemicalstore.ee\/ru\/wp-json\/wp\/v2\/types\/product"}],"replies":[{"embeddable":true,"href":"https:\/\/chemicalstore.ee\/ru\/wp-json\/wp\/v2\/comments?post=2010"}],"wp:featuredmedia":[{"embeddable":true,"href":"https:\/\/chemicalstore.ee\/ru\/wp-json\/wp\/v2\/media\/2011"}],"wp:attachment":[{"href":"https:\/\/chemicalstore.ee\/ru\/wp-json\/wp\/v2\/media?parent=2010"}],"wp:term":[{"taxonomy":"product_brand","embeddable":true,"href":"https:\/\/chemicalstore.ee\/ru\/wp-json\/wp\/v2\/product_brand?post=2010"},{"taxonomy":"product_cat","embeddable":true,"href":"https:\/\/chemicalstore.ee\/ru\/wp-json\/wp\/v2\/product_cat?post=2010"},{"taxonomy":"product_tag","embeddable":true,"href":"https:\/\/chemicalstore.ee\/ru\/wp-json\/wp\/v2\/product_tag?post=2010"}],"curies":[{"name":"wp","href":"https:\/\/api.w.org\/{rel}","templated":true}]}}