{"id":2005,"date":"2024-10-02T13:07:37","date_gmt":"2024-10-02T13:07:37","guid":{"rendered":"https:\/\/chemicalstore.ee\/toode\/foam-gun\/"},"modified":"2026-02-02T08:36:04","modified_gmt":"2026-02-02T08:36:04","slug":"foam-gun","status":"publish","type":"product","link":"https:\/\/chemicalstore.ee\/ru\/toode\/foam-gun\/","title":{"rendered":"Foam gun"},"content":{"rendered":"<p>Dr Dirt Foam Gun on kvaliteetne pumbapudel pesuainete vahutamiseks, mis sobib suurep\u00e4raselt n\u00e4iteks auto eelpesuks m\u00f5eldud pesuainetele. Foam Gun tekitab pesuainelahusest koheva, kaua pindadel p\u00fcsiva vahu, mis kuivab ja voolab m\u00e4rkimisv\u00e4\u00e4rselt aeglasemalt kui n\u00e4iteks otse pinnale pihustatud vedel eelpesuaine. Vahutamine v\u00e4hendab nii ainekulu kui pikendab toimeaega, andes seel\u00e4bi oluliselt parema pesutulemuse! Sobib nii professionaalseks kui ka koduseks kasutuseks. Lahendus ka olukordades, kus survepesurit kasutada ei saa!<\/p>\n","protected":false},"excerpt":{"rendered":"<p>Dr DirtErgonoomiline disain ja suurus teevad kasutamise mugavaks, ja pudelit on lihtne t\u00e4is olekuski juhtida.Kergesti p\u00f6idlaga vajutatav p\u00e4\u00e4stik. Maksimaalne kuni 0.8 l\/min voolukiirus,3 baari maksimaalse r\u00f5huga teeb levitamise sujuvaks, ega pea pidevalt pumpama. P\u00e4rast kasutamist on lihtne j\u00e4relej\u00e4\u00e4nud r\u00f5hk k\u00f5rval asuva ventiili kaudu n\u00e4iteks hoiustamiseks vabastada.<\/p>\n","protected":false},"featured_media":2006,"comment_status":"closed","ping_status":"open","template":"","meta":{"_monsterinsights_skip_tracking":false,"_monsterinsights_sitenote_active":false,"_monsterinsights_sitenote_note":"","_monsterinsights_sitenote_category":0},"product_brand":[],"product_cat":[46],"product_tag":[],"class_list":{"0":"post-2005","1":"product","2":"type-product","3":"status-publish","4":"has-post-thumbnail","6":"product_cat-autohooldus-muu","7":"pa_brand-dr-dirt","8":"pa_kasutusotstarve-pesuainete-vahutamine","9":"pa_mahutavus-1860-ml","10":"pa_uhiku-hind-24-9e-tk","12":"first","13":"instock","14":"taxable","15":"shipping-taxable","16":"purchasable","17":"product-type-simple"},"_links":{"self":[{"href":"https:\/\/chemicalstore.ee\/ru\/wp-json\/wp\/v2\/product\/2005","targetHints":{"allow":["GET"]}}],"collection":[{"href":"https:\/\/chemicalstore.ee\/ru\/wp-json\/wp\/v2\/product"}],"about":[{"href":"https:\/\/chemicalstore.ee\/ru\/wp-json\/wp\/v2\/types\/product"}],"replies":[{"embeddable":true,"href":"https:\/\/chemicalstore.ee\/ru\/wp-json\/wp\/v2\/comments?post=2005"}],"wp:featuredmedia":[{"embeddable":true,"href":"https:\/\/chemicalstore.ee\/ru\/wp-json\/wp\/v2\/media\/2006"}],"wp:attachment":[{"href":"https:\/\/chemicalstore.ee\/ru\/wp-json\/wp\/v2\/media?parent=2005"}],"wp:term":[{"taxonomy":"product_brand","embeddable":true,"href":"https:\/\/chemicalstore.ee\/ru\/wp-json\/wp\/v2\/product_brand?post=2005"},{"taxonomy":"product_cat","embeddable":true,"href":"https:\/\/chemicalstore.ee\/ru\/wp-json\/wp\/v2\/product_cat?post=2005"},{"taxonomy":"product_tag","embeddable":true,"href":"https:\/\/chemicalstore.ee\/ru\/wp-json\/wp\/v2\/product_tag?post=2005"}],"curies":[{"name":"wp","href":"https:\/\/api.w.org\/{rel}","templated":true}]}}