{"id":1996,"date":"2024-10-02T13:07:37","date_gmt":"2024-10-02T13:07:37","guid":{"rendered":"https:\/\/chemicalstore.ee\/toode\/control-snow-foam-1000ml\/"},"modified":"2024-10-02T13:07:48","modified_gmt":"2024-10-02T13:07:48","slug":"control-snow-foam-1000ml","status":"publish","type":"product","link":"https:\/\/chemicalstore.ee\/ru\/toode\/control-snow-foam-1000ml\/","title":{"rendered":"Control snow foam  1000ml"},"content":{"rendered":"<p>King Carthur Control Snow Foam on \u00e4\u00e4rimm\u00e4isen t\u00f5hus, kuid samas vahaturvaline eelpesuvahend. See eemaldab t\u00f6\u00f6deldavalt pinnalt igasuguse mustuse ilma mehaanilise kontaktita, olles t\u00f5hus ka kinnitunud mustuseosakeste vastu. Control sobib suurep\u00e4raselt k\u00f5ikide s\u00f5idukite hoolduspesuks ning ka vahatatud autode puhastamiseks, kuna see ei kahjusta ega kulu pinnal olevat kaitsekihti. Controlit saab kasutada s\u00f5iduki v\u00e4listele pindadele puhastamiseks, samuti \u00fcldpuhastusvahendina, v\u00f5imaldades sellega pesta praktiliselt k\u00f5iki k\u00f5vasid pindu. Aine sobib h\u00e4sti ka n\u00e4iteks raskete s\u00f5idukite ja suuremate s\u00f5idukite pesuks, kuna see on v\u00e4ga kiire ja lihtne levitada suurtel aladel. Parim tulemus saavutatakse Controliga vahtp\u00fcstoli v\u00f5i pumbapudeliga levitades, kuid seda saab vajadusel kasutada ka kinnastamiseks. Vahtuva koostise t\u00f5ttu on see eelpesuvahend \u00e4\u00e4rmiselt s\u00e4\u00e4stlik ja kiire levitada ning \u00fche s\u00f5iduauto pesemiseks on vaja vaid 1 &#8211; 2 dl pesuainet. Control Snow Foam on \u00fcks turu \u00f5rnatoimelisemaid eelpesuvahendeid ja see on t\u00e4ielikult biolagunev, mist\u00f5ttu sobib see ideaalselt ka koduses autopesus kasutamiseks.<\/p>\n","protected":false},"excerpt":{"rendered":"<p>King CarthurKing Carthur Control Snow Foam ei sisalda v\u00e4rvaineid, vaha ega muid pesemisv\u00f5imet n\u00f5rgendavaid koostisosi &#8211; selle kujundamisel on keskendutud ainult ja ainult parima pesutulemuse saavutamisele ning see on pika arendust\u00f6\u00f6 tulemusena saanud lihvitud teemantiks. Vahtu levitatav pesuaine j\u00e4\u00e4b m\u00f5juma m\u00e4rkimisv\u00e4\u00e4rselt kauemaks kui tavalised pesuained, mis v\u00f5imaldab t\u00f5husalt puhastada k\u00f5ik auto v\u00e4lispinnad ilma mehaanilise kontaktita.<\/p>\n","protected":false},"featured_media":1997,"comment_status":"closed","ping_status":"open","template":"","meta":{"_monsterinsights_skip_tracking":false,"_monsterinsights_sitenote_active":false,"_monsterinsights_sitenote_note":"","_monsterinsights_sitenote_category":0},"product_brand":[],"product_cat":[35],"product_tag":[],"class_list":{"0":"post-1996","1":"product","2":"type-product","3":"status-publish","4":"has-post-thumbnail","6":"product_cat-puhastusvahendid-autohooldustooted","7":"pa_brand-king-carthur","8":"pa_kasutamine-soidukite-ja-teiste-objektide-eelpesuks-hoolduspesuks-enne-kasipesu","9":"pa_segamissuhe-umbes-3-7-soltuvalt-mustuse-astmest","10":"pa_uhiku-hind-16-9e-l","12":"first","13":"instock","14":"taxable","15":"shipping-taxable","16":"purchasable","17":"product-type-simple"},"_links":{"self":[{"href":"https:\/\/chemicalstore.ee\/ru\/wp-json\/wp\/v2\/product\/1996","targetHints":{"allow":["GET"]}}],"collection":[{"href":"https:\/\/chemicalstore.ee\/ru\/wp-json\/wp\/v2\/product"}],"about":[{"href":"https:\/\/chemicalstore.ee\/ru\/wp-json\/wp\/v2\/types\/product"}],"replies":[{"embeddable":true,"href":"https:\/\/chemicalstore.ee\/ru\/wp-json\/wp\/v2\/comments?post=1996"}],"wp:featuredmedia":[{"embeddable":true,"href":"https:\/\/chemicalstore.ee\/ru\/wp-json\/wp\/v2\/media\/1997"}],"wp:attachment":[{"href":"https:\/\/chemicalstore.ee\/ru\/wp-json\/wp\/v2\/media?parent=1996"}],"wp:term":[{"taxonomy":"product_brand","embeddable":true,"href":"https:\/\/chemicalstore.ee\/ru\/wp-json\/wp\/v2\/product_brand?post=1996"},{"taxonomy":"product_cat","embeddable":true,"href":"https:\/\/chemicalstore.ee\/ru\/wp-json\/wp\/v2\/product_cat?post=1996"},{"taxonomy":"product_tag","embeddable":true,"href":"https:\/\/chemicalstore.ee\/ru\/wp-json\/wp\/v2\/product_tag?post=1996"}],"curies":[{"name":"wp","href":"https:\/\/api.w.org\/{rel}","templated":true}]}}