{"id":1979,"date":"2024-10-02T13:07:37","date_gmt":"2024-10-02T13:07:37","guid":{"rendered":"https:\/\/chemicalstore.ee\/toode\/neutral-shampoo-500ml\/"},"modified":"2024-10-02T13:07:46","modified_gmt":"2024-10-02T13:07:46","slug":"neutral-shampoo-500ml","status":"publish","type":"product","link":"https:\/\/chemicalstore.ee\/ru\/toode\/neutral-shampoo-500ml\/","title":{"rendered":"Neutral shampoo 500ml"},"content":{"rendered":"<p>CAR5 Shampoo on t\u00f5husalt pesev ja tugevalt vahutav autoshampoon, mis sobib k\u00f5igile autopesijatele s\u00f5ltumata oskuste tasemest. See puhastab pestavad pinnad t\u00f5husalt, luues samal ajal v\u00e4ga libeda pinna v\u00e4rvi ja pesuvahendi vahele, mis h\u00f5lbustab pesemist ja minimeerib kriimustuste tekkimise riski. CAR5 Shampoo on ohutu k\u00f5ikidele auto v\u00e4listele pindadele: see sobib igasugustele lakipindadele v\u00e4rvist s\u00f5ltumata ja shampooni on ohutu kasutada ka kroomosadel, poleeritud alumiiniumil, plastil ning muudel sarnastel tundlikel pindadel. Shampoon on vahaturvaline, ega kahanda pinnal olevat vaha v\u00f5i katet. CAR5 Shampoo ei sisalda lisavahasid v\u00f5i muid kaitseaineid, vaid on v\u00e4lja t\u00f6\u00f6tatud eesk\u00e4tt auto algse v\u00e4rvipinna ja v\u00f5imaliku vaha-\/katekihi esilet\u00f5stmiseks ja elavdamiseks. CAR5 Shampoo koosneb mitmest puhastavast koostisosast, mis t\u00e4iendavad \u00fcksteist, j\u00e4ttes j\u00e4rele puhta ja l\u00e4ikiva pinna. V\u00e4rskendava apelsini l\u00f5hnaga!<\/p>\n","protected":false},"excerpt":{"rendered":"<p>Car5Shampoon on koostiselt oluliselt lahjendatav kontsentraat (lahjendussuhe 1:500) ja \u00fchest pudelist piisab umbes 25 pesuks, mis teeb pesu kuluks umbes 0.32\u20ac \/ pesu. Tugevalt vahutava koostise t\u00f5ttu t\u00f6\u00f6tab shampoon suurep\u00e4raselt ka vahustajaga kasutades: eelpese auto, kanna shampoon vahustiga pinnale ja pesukindaga pese auto kogu ulatuses puhtaks. CAR5 Shampoo on v\u00e4lja t\u00f6\u00f6tatud nii keskkonna kui ka kasutaja tervise seisukohast turvaliseks kasutamiseks.<\/p>\n","protected":false},"featured_media":1980,"comment_status":"closed","ping_status":"open","template":"","meta":{"_monsterinsights_skip_tracking":false,"_monsterinsights_sitenote_active":false,"_monsterinsights_sitenote_note":"","_monsterinsights_sitenote_category":0},"product_brand":[],"product_cat":[35],"product_tag":[],"class_list":{"0":"post-1979","1":"product","2":"type-product","3":"status-publish","4":"has-post-thumbnail","6":"product_cat-puhastusvahendid-autohooldustooted","7":"pa_brand-car5","8":"pa_kestvus-25-pesukorda","9":"pa_lahjendussuhe-1500-1200","10":"pa_uhiku-hind-19-8e-l","12":"first","13":"instock","14":"taxable","15":"shipping-taxable","16":"purchasable","17":"product-type-simple"},"_links":{"self":[{"href":"https:\/\/chemicalstore.ee\/ru\/wp-json\/wp\/v2\/product\/1979","targetHints":{"allow":["GET"]}}],"collection":[{"href":"https:\/\/chemicalstore.ee\/ru\/wp-json\/wp\/v2\/product"}],"about":[{"href":"https:\/\/chemicalstore.ee\/ru\/wp-json\/wp\/v2\/types\/product"}],"replies":[{"embeddable":true,"href":"https:\/\/chemicalstore.ee\/ru\/wp-json\/wp\/v2\/comments?post=1979"}],"wp:featuredmedia":[{"embeddable":true,"href":"https:\/\/chemicalstore.ee\/ru\/wp-json\/wp\/v2\/media\/1980"}],"wp:attachment":[{"href":"https:\/\/chemicalstore.ee\/ru\/wp-json\/wp\/v2\/media?parent=1979"}],"wp:term":[{"taxonomy":"product_brand","embeddable":true,"href":"https:\/\/chemicalstore.ee\/ru\/wp-json\/wp\/v2\/product_brand?post=1979"},{"taxonomy":"product_cat","embeddable":true,"href":"https:\/\/chemicalstore.ee\/ru\/wp-json\/wp\/v2\/product_cat?post=1979"},{"taxonomy":"product_tag","embeddable":true,"href":"https:\/\/chemicalstore.ee\/ru\/wp-json\/wp\/v2\/product_tag?post=1979"}],"curies":[{"name":"wp","href":"https:\/\/api.w.org\/{rel}","templated":true}]}}