{"id":1972,"date":"2024-10-02T13:07:37","date_gmt":"2024-10-02T13:07:37","guid":{"rendered":"https:\/\/chemicalstore.ee\/toode\/wheel-cleaner-500ml\/"},"modified":"2024-10-02T13:07:46","modified_gmt":"2024-10-02T13:07:46","slug":"wheel-cleaner-500ml","status":"publish","type":"product","link":"https:\/\/chemicalstore.ee\/ru\/toode\/wheel-cleaner-500ml\/","title":{"rendered":"Wheel cleaner  500ml"},"content":{"rendered":"<p>CAR5 Wheel Cleaner on kiiretoimeline ja t\u00f5hus, k\u00f5ikidele veljet\u00fc\u00fcpidele sobiv pH-neutraalne puhastusaine. Wheel Cleaner koosneb nii puhastavatest kui ka rauda sisaldava mustusega reageerivatest koostisosadest, mis v\u00f5imaldab eemaldada nii tavalise kui ka rauda sisaldava mustuse, nagu piduritolm. Olles \u00f5rnatoimeline ja pH-neutraalne segu, sobib Wheel Cleaner peaaegu k\u00f5ikidele veljet\u00fc\u00fcpidele, muutes selle v\u00e4ga kulut\u00f5husaks valikuks. Kokkuv\u00f5ttes on CAR5 Wheel Cleaner nii kasutaja- kui ka keskkonnas\u00f5bralik veljepesu-\/raudaeemaldusaine, mis rahuldab nii tavalise autopesija kui ka professionaali vajadused. Lisaks on see t\u00e4iesti happeline, muutes selle peaaegu k\u00f5ikidele pindadele ohutuks. Wheel Cleaner on v\u00e4ga lihtne kasutada s\u00f5ltumata oskuste tasemest: aine on kohe kasutusvalmis ja seda tuleb lihtsalt pihustada t\u00f6\u00f6deldavale pinnale, lasta m\u00f5ni minut toimida ja seej\u00e4rel loputada. Kui soovitakse aine kulu minimeerida, v\u00f5ib Wheel Cleanerit pihustada &#8220;siia-sinna&#8221; ja seej\u00e4rel n\u00e4iteks pehme veljeharja v\u00f5i mikrokiust lapi\/levitajaga \u00fchtlaselt pinnale laotada. Wheel Cleaner muudab v\u00e4rvi violetseks reageerides rauda sisaldava mustusega. V\u00e4rvimuutus n\u00e4itab nii seda, kus rauda on kogunenud ja kui palju, kui ka seda, millal mustus on lahustunud ja pind on loputamiseks valmis. Kui p\u00f5hjalikku puhastust pole pikka aega tehtud, v\u00f5ivad veljed olla t\u00e4ielikult violetsete valumitega kaetud. Sellest ei tohiks siiski ehmuda, see n\u00e4itab lihtsalt, et aine t\u00f6\u00f6tab. Lisaks on Wheel Cleaner biolagunev, mis t\u00e4hendab, et seda v\u00f5ib muretult kasutada ka koduaias pesemisel.<\/p>\n","protected":false},"excerpt":{"rendered":"<p>Car5Wheel Cleaneri koostis on puhtalt vedeliku ja veidi geelja koostise vahel, \u00fchendades m\u00f5lema parimad omadused. See on vedelate ainete sarnaselt kergesti pihustatav, kuid kergelt geeljas koostis v\u00f5imaldab pikemat toimeaega ilma, et aine kuivaks pinnale v\u00f5i valguks enneaegselt \u00e4ra. Pikema toimeajaga saavutatakse parem pesutulemus ja aine kulu on m\u00e4rkimisv\u00e4\u00e4rselt v\u00e4iksem.<\/p>\n","protected":false},"featured_media":1973,"comment_status":"closed","ping_status":"open","template":"","meta":{"_monsterinsights_skip_tracking":false,"_monsterinsights_sitenote_active":false,"_monsterinsights_sitenote_note":"","_monsterinsights_sitenote_category":0},"product_brand":[],"product_cat":[35],"product_tag":[],"class_list":{"0":"post-1972","1":"product","2":"type-product","3":"status-publish","4":"has-post-thumbnail","6":"product_cat-puhastusvahendid-autohooldustooted","7":"pa_brand-car5","8":"pa_kasutusotstarve-pinna-viimistlemiseks-enne-tootlemist","9":"pa_uhiku-hind-19-8e-l","11":"first","12":"instock","13":"taxable","14":"shipping-taxable","15":"purchasable","16":"product-type-simple"},"_links":{"self":[{"href":"https:\/\/chemicalstore.ee\/ru\/wp-json\/wp\/v2\/product\/1972","targetHints":{"allow":["GET"]}}],"collection":[{"href":"https:\/\/chemicalstore.ee\/ru\/wp-json\/wp\/v2\/product"}],"about":[{"href":"https:\/\/chemicalstore.ee\/ru\/wp-json\/wp\/v2\/types\/product"}],"replies":[{"embeddable":true,"href":"https:\/\/chemicalstore.ee\/ru\/wp-json\/wp\/v2\/comments?post=1972"}],"wp:featuredmedia":[{"embeddable":true,"href":"https:\/\/chemicalstore.ee\/ru\/wp-json\/wp\/v2\/media\/1973"}],"wp:attachment":[{"href":"https:\/\/chemicalstore.ee\/ru\/wp-json\/wp\/v2\/media?parent=1972"}],"wp:term":[{"taxonomy":"product_brand","embeddable":true,"href":"https:\/\/chemicalstore.ee\/ru\/wp-json\/wp\/v2\/product_brand?post=1972"},{"taxonomy":"product_cat","embeddable":true,"href":"https:\/\/chemicalstore.ee\/ru\/wp-json\/wp\/v2\/product_cat?post=1972"},{"taxonomy":"product_tag","embeddable":true,"href":"https:\/\/chemicalstore.ee\/ru\/wp-json\/wp\/v2\/product_tag?post=1972"}],"curies":[{"name":"wp","href":"https:\/\/api.w.org\/{rel}","templated":true}]}}