{"id":1967,"date":"2024-10-02T13:07:37","date_gmt":"2024-10-02T13:07:37","guid":{"rendered":"https:\/\/chemicalstore.ee\/toode\/apcodor-killer-500ml\/"},"modified":"2024-10-02T13:07:45","modified_gmt":"2024-10-02T13:07:45","slug":"apcodor-killer-500ml","status":"publish","type":"product","link":"https:\/\/chemicalstore.ee\/ru\/toode\/apcodor-killer-500ml\/","title":{"rendered":"Apc+odor killer 500ml"},"content":{"rendered":"<p>King Carthur APC + Odor Killer New Car on kombineeritud salongipuhastusaine ja l\u00f5hnaneutraliseerija, mis puhastab salongi pinnad t\u00f5husalt ja eemaldab samal ajal ebameeldivad l\u00f5hnad t\u00f6\u00f6deldud materjalidest. Lihtsalt kasutatav pihustatav puhastusaine sobib praktiliselt k\u00f5ikidele salongi pindadele ja lisaks suurep\u00e4rasele puhastusv\u00f5imele j\u00e4tab see maha v\u00e4rske, uue auto l\u00f5hna. L\u00f5hnataju hellitav l\u00f5hn ei ole siiski ainult petlik, kuna APC + Odor Killer ei kata ainult halbu l\u00f5hnu, vaid tungib pinnasesse ja neutraliseerib, nagu nimigi \u00fctleb, l\u00f5hnade allika, tagades nii p\u00fcsiva l\u00f5hnaeemalduse. Lisaks t\u00f5husale puhastusele toimib aine suurep\u00e4raselt ka n\u00e4iteks tubaka, loomade ning valgunud jookide ja toidu p\u00f5hjustatud l\u00f5hnah\u00e4irete eemaldamisel. Ainet saab kasutada kangaspindadel, nahal, plastil ja vin\u00fc\u00fclil ning see eemaldab t\u00f5husalt ka \u00f5li- ja rasvap\u00f5hised plekid.<\/p>\n","protected":false},"excerpt":{"rendered":"<p>King CarthurAPC + Odor Killer New Car on l\u00fchidalt \u00f6eldes t\u00f5eliselt mitmek\u00fclgne salongipuhastusaine, mida saab kasutada p\u00f5hjaliku puhastuse ja l\u00f5hnaeemalduse k\u00f5rval ka regulaarsetes hoolduspuhastustes. V\u00e4rskendav uue auto l\u00f5hn j\u00e4tab salongi viimistletud ja meeldiva l\u00f5hna, mis p\u00fcsib pindadel ka p\u00e4rast kuivamist. Toode on kohe kasutusvalmis, kuid olles veep\u00f5hine, saab seda ka lahjendada. Kergema mustuse korral v\u00f5ib ainet lahjendada kuni 1:25. T\u00e4ielikult hoiatusm\u00e4rkidest vaba APC + Odor Killer New Car on keskkonna- ja kasutajas\u00f5bralik puhastusaine, mis on kohe kasutusvalmis seguna koos kvaliteetse pihustipeaga.<\/p>\n","protected":false},"featured_media":1968,"comment_status":"closed","ping_status":"open","template":"","meta":{"_monsterinsights_skip_tracking":false,"_monsterinsights_sitenote_active":false,"_monsterinsights_sitenote_note":"","_monsterinsights_sitenote_category":0},"product_brand":[],"product_cat":[130],"product_tag":[],"class_list":{"0":"post-1967","1":"product","2":"type-product","3":"status-publish","4":"has-post-thumbnail","6":"product_cat-interjoor","7":"pa_brand-king-carthur","8":"pa_lohn-uus-auto","9":"pa_uhiku-hind-33-8e-l","11":"first","12":"instock","13":"taxable","14":"shipping-taxable","15":"purchasable","16":"product-type-simple"},"_links":{"self":[{"href":"https:\/\/chemicalstore.ee\/ru\/wp-json\/wp\/v2\/product\/1967","targetHints":{"allow":["GET"]}}],"collection":[{"href":"https:\/\/chemicalstore.ee\/ru\/wp-json\/wp\/v2\/product"}],"about":[{"href":"https:\/\/chemicalstore.ee\/ru\/wp-json\/wp\/v2\/types\/product"}],"replies":[{"embeddable":true,"href":"https:\/\/chemicalstore.ee\/ru\/wp-json\/wp\/v2\/comments?post=1967"}],"wp:featuredmedia":[{"embeddable":true,"href":"https:\/\/chemicalstore.ee\/ru\/wp-json\/wp\/v2\/media\/1968"}],"wp:attachment":[{"href":"https:\/\/chemicalstore.ee\/ru\/wp-json\/wp\/v2\/media?parent=1967"}],"wp:term":[{"taxonomy":"product_brand","embeddable":true,"href":"https:\/\/chemicalstore.ee\/ru\/wp-json\/wp\/v2\/product_brand?post=1967"},{"taxonomy":"product_cat","embeddable":true,"href":"https:\/\/chemicalstore.ee\/ru\/wp-json\/wp\/v2\/product_cat?post=1967"},{"taxonomy":"product_tag","embeddable":true,"href":"https:\/\/chemicalstore.ee\/ru\/wp-json\/wp\/v2\/product_tag?post=1967"}],"curies":[{"name":"wp","href":"https:\/\/api.w.org\/{rel}","templated":true}]}}