{"id":1959,"date":"2024-10-02T13:07:37","date_gmt":"2024-10-02T13:07:37","guid":{"rendered":"https:\/\/chemicalstore.ee\/toode\/new-car-feeling-500ml\/"},"modified":"2024-10-02T13:07:44","modified_gmt":"2024-10-02T13:07:44","slug":"new-car-feeling-500ml","status":"publish","type":"product","link":"https:\/\/chemicalstore.ee\/ru\/toode\/new-car-feeling-500ml\/","title":{"rendered":"New car feeling 500ml"},"content":{"rendered":"<p>King Carthur New Car Feeling on v\u00e4ga mitmek\u00fclgne ja kasutajas\u00f5bralik hooldusvahend, mis taastab tuhmunud plastik-, kummi-, naha- ja vin\u00fc\u00fclpinnad nende algse s\u00e4ra juurde. Hooldavad koostisosad imenduvad s\u00fcgavale t\u00f6\u00f6deldavasse pinda, mis v\u00f5imaldab n\u00e4iteks p\u00e4ikese pleekinud plastikpindu elustada ja taastada nende algse tooni. New Car Feeling sobib nii auto sisemistele kui v\u00e4limistele pindadele, pakkudes pikaajalist kaitset. Sisetingimustes ja mootoriruumis kestab toime kuni mitu kuud ja v\u00e4limistel pindadel kuni 4 n\u00e4dalat. Aine ei suurenda t\u00f6\u00f6deldud materjali l\u00e4iget, vaid j\u00e4tab selle loomuliku v\u00e4limusega, mis v\u00f5imaldab seda kasutada ka k\u00f5ikidel armatuurlaua pindadel ilma pimestava toimeta. New Car Feeling sobib suurep\u00e4raselt n\u00e4iteks mustadele plastikliistudele nii sise- kui v\u00e4lispindadel ja mootoriruumis, uksetihenditele, salongi vin\u00fc\u00fclpindadele ja isegi nahast roolile. J\u00e4tab maha v\u00e4rske tsitruse l\u00f5hna, muutes auto nii v\u00e4limuselt kui l\u00f5hnalt uueks ja v\u00e4rskeks.<\/p>\n","protected":false},"excerpt":{"rendered":"<p>King CarthurNew Car Feeling j\u00e4tab suurep\u00e4rase ja siidise pinna, uuendades ja hooldades juba veidi tuhmunud v\u00e4li- ja sisepindade plastik- ja vin\u00fc\u00fclosi. Ainet saab kasutada k\u00f5ikidele salongi plastik pindadele, ilma et pinnad muutuksid l\u00e4ikivaks v\u00f5i ebaloomulikuks. New Car Feeling on kasutusvalmis ja seda on v\u00e4ga lihtne peale kanda kaasasoleva pihusti abil otse t\u00f6\u00f6deldavale pinnale v\u00f5i puhtale mikrokiudlapile.<\/p>\n","protected":false},"featured_media":1960,"comment_status":"closed","ping_status":"open","template":"","meta":{"_monsterinsights_skip_tracking":false,"_monsterinsights_sitenote_active":false,"_monsterinsights_sitenote_note":"","_monsterinsights_sitenote_category":0},"product_brand":[],"product_cat":[130],"product_tag":[],"class_list":{"0":"post-1959","1":"product","2":"type-product","3":"status-publish","4":"has-post-thumbnail","6":"product_cat-interjoor","7":"pa_brand-king-carthur","8":"pa_kestvus-sisepinnad-ja-mootoriruum-kuni-3-kuud-valispinnad-3-4-nadalat","9":"pa_lohn-varskendav-tsitrus","10":"pa_uhiku-hind-39-8e-l","12":"first","13":"instock","14":"taxable","15":"shipping-taxable","16":"purchasable","17":"product-type-simple"},"_links":{"self":[{"href":"https:\/\/chemicalstore.ee\/ru\/wp-json\/wp\/v2\/product\/1959","targetHints":{"allow":["GET"]}}],"collection":[{"href":"https:\/\/chemicalstore.ee\/ru\/wp-json\/wp\/v2\/product"}],"about":[{"href":"https:\/\/chemicalstore.ee\/ru\/wp-json\/wp\/v2\/types\/product"}],"replies":[{"embeddable":true,"href":"https:\/\/chemicalstore.ee\/ru\/wp-json\/wp\/v2\/comments?post=1959"}],"wp:featuredmedia":[{"embeddable":true,"href":"https:\/\/chemicalstore.ee\/ru\/wp-json\/wp\/v2\/media\/1960"}],"wp:attachment":[{"href":"https:\/\/chemicalstore.ee\/ru\/wp-json\/wp\/v2\/media?parent=1959"}],"wp:term":[{"taxonomy":"product_brand","embeddable":true,"href":"https:\/\/chemicalstore.ee\/ru\/wp-json\/wp\/v2\/product_brand?post=1959"},{"taxonomy":"product_cat","embeddable":true,"href":"https:\/\/chemicalstore.ee\/ru\/wp-json\/wp\/v2\/product_cat?post=1959"},{"taxonomy":"product_tag","embeddable":true,"href":"https:\/\/chemicalstore.ee\/ru\/wp-json\/wp\/v2\/product_tag?post=1959"}],"curies":[{"name":"wp","href":"https:\/\/api.w.org\/{rel}","templated":true}]}}