{"id":1953,"date":"2024-10-02T13:07:37","date_gmt":"2024-10-02T13:07:37","guid":{"rendered":"https:\/\/chemicalstore.ee\/toode\/glass-cleanercoat-500ml\/"},"modified":"2024-10-02T13:07:43","modified_gmt":"2024-10-02T13:07:43","slug":"glass-cleanercoat-500ml","status":"publish","type":"product","link":"https:\/\/chemicalstore.ee\/ru\/toode\/glass-cleanercoat-500ml\/","title":{"rendered":"Glass cleaner+coat 500ml"},"content":{"rendered":"<p>King Carthur Glass Cleaner + Coat on pinnaviimistlusega klaasipuhastusvahend, mis sobib oma pinnaviimistlusomaduste t\u00f5ttu eriti h\u00e4sti n\u00e4iteks auto v\u00e4lisklaasidele ja koduste klaaspindade jaoks. Muidugi t\u00f6\u00f6tab aine ka auto siseklaasidel ja k\u00f5igil teistel klaaspindadel. Glass Cleaner + Coat eemaldab t\u00f5husalt nii rasva- ja \u00f5lip\u00f5hise mustuse kui ka n\u00e4iteks putukate j\u00e4\u00e4nused ja katlakivi ning puhastab keerulise mustuse kiiresti ja h\u00f5lpsalt. Samal ajal moodustab aine klaasipinnale l\u00e4bipaistva, vett ja mustust h\u00fclgava kaitsekihi, mis aitab klaasi puhtana hoida ning takistab mustuse ja n\u00e4iteks katlakiviplekkide kinnitumist. H\u00fcdrofoobne kaitsekiht suurendab ka n\u00e4htavust ja ohutust halbades ilmastikutingimustes s\u00f5ites. Lisaks, kui klaasil on juba olemasolev klaasikate, mis on hakanud kulumise m\u00e4rke n\u00e4itama, taastab aine kate h\u00fclgavuse. Antistaatilised omadused takistavad tolmu kleepumist, nii et nii auto kui ka kodused klaaspinnad p\u00fcsivad v\u00f5imalikult kaua selged!<\/p>\n","protected":false},"excerpt":{"rendered":"<p>King CarthurSobib kasutamiseks nii kaitsmata kui ka kaitsega kaetud klaasil, kusjuures puhastusvahendis olev kate seondub olemasoleva klaasikattega, parandades selle vastupidavust ja h\u00fclgavust. V\u00e4ga lihtne kasutada, ei j\u00e4ta j\u00e4lgi ega triipe.Kasutusvalmis,kvaliteetse pihustiga. Kasutamist muudab meeldivaks v\u00e4rskendava tsitruse l\u00f5hn! VOC-vaba.<\/p>\n","protected":false},"featured_media":1954,"comment_status":"closed","ping_status":"open","template":"","meta":{"_monsterinsights_skip_tracking":false,"_monsterinsights_sitenote_active":false,"_monsterinsights_sitenote_note":"","_monsterinsights_sitenote_category":0},"product_brand":[],"product_cat":[27],"product_tag":[],"class_list":{"0":"post-1953","1":"product","2":"type-product","3":"status-publish","4":"has-post-thumbnail","6":"product_cat-kaitseained","7":"pa_brand-king-carthur","8":"pa_lohn-varskendav-tsitrus","9":"pa_uhiku-hind-33-8e-l","11":"first","12":"instock","13":"taxable","14":"shipping-taxable","15":"purchasable","16":"product-type-simple"},"_links":{"self":[{"href":"https:\/\/chemicalstore.ee\/ru\/wp-json\/wp\/v2\/product\/1953","targetHints":{"allow":["GET"]}}],"collection":[{"href":"https:\/\/chemicalstore.ee\/ru\/wp-json\/wp\/v2\/product"}],"about":[{"href":"https:\/\/chemicalstore.ee\/ru\/wp-json\/wp\/v2\/types\/product"}],"replies":[{"embeddable":true,"href":"https:\/\/chemicalstore.ee\/ru\/wp-json\/wp\/v2\/comments?post=1953"}],"wp:featuredmedia":[{"embeddable":true,"href":"https:\/\/chemicalstore.ee\/ru\/wp-json\/wp\/v2\/media\/1954"}],"wp:attachment":[{"href":"https:\/\/chemicalstore.ee\/ru\/wp-json\/wp\/v2\/media?parent=1953"}],"wp:term":[{"taxonomy":"product_brand","embeddable":true,"href":"https:\/\/chemicalstore.ee\/ru\/wp-json\/wp\/v2\/product_brand?post=1953"},{"taxonomy":"product_cat","embeddable":true,"href":"https:\/\/chemicalstore.ee\/ru\/wp-json\/wp\/v2\/product_cat?post=1953"},{"taxonomy":"product_tag","embeddable":true,"href":"https:\/\/chemicalstore.ee\/ru\/wp-json\/wp\/v2\/product_tag?post=1953"}],"curies":[{"name":"wp","href":"https:\/\/api.w.org\/{rel}","templated":true}]}}