{"id":1946,"date":"2024-10-02T13:07:37","date_gmt":"2024-10-02T13:07:37","guid":{"rendered":"https:\/\/chemicalstore.ee\/toode\/ceramic-shampoo-500ml\/"},"modified":"2024-10-02T13:07:42","modified_gmt":"2024-10-02T13:07:42","slug":"ceramic-shampoo-500ml","status":"publish","type":"product","link":"https:\/\/chemicalstore.ee\/ru\/toode\/ceramic-shampoo-500ml\/","title":{"rendered":"CERAMIC SHAMPOO 500ml"},"content":{"rendered":"<p>King Carthur Ceramic Shampoo on v\u00e4ga libe ja t\u00f5husalt pesev, t\u00e4ielikult vahaturvaline autoshampoon, mis sobib suurep\u00e4raselt hoolduspesudeks. Ceramic Shampoo katteained loovad pestavatele pindadele tugevalt mustust ja vett t\u00f5rjuva kaitsekihi. See kaitseb pindu muuhulgas mustuse kinnitumise eest, mis h\u00f5lbustab m\u00e4rkimisv\u00e4\u00e4rselt j\u00e4rgnevaid pesukordi. Lisaks tugevdab shampoon juba pinnal oleva vaha v\u00f5i katte t\u00f5rjuvust ja annab neile lisakaitse, pikendades seel\u00e4bi nende kestust. Shampooni arendamisel oli l\u00e4htepunktiks luua shampoon, mis j\u00e4tab v\u00f5imalikult h\u00fcdrofoobse ja pikaajalise kaitsekihi nii kaitseta kui ka kaitstud v\u00e4rvipinnale. King Carthur Ceramic shampoon keskendub kaitsele ja libedusele, shampoon ei vahuta peaaegu \u00fcldse. Pesukinnaste kasutamisel on libedus \u00fcks olulisemaid aspekte, kuna see pehmendab kontakti pesukinnaste ja v\u00e4rvipinna vahel. Suurep\u00e4rane libedus takistab t\u00f5husalt mustuse h\u00f5\u00f5rdumist vastu pinda, v\u00e4hendades seel\u00e4bi pesukriimustuste teket.<\/p>\n","protected":false},"excerpt":{"rendered":"<p>King CarthurCeramic Shampoo t\u00f6\u00f6tab plekitult k\u00f5igil auto v\u00e4listel osadel, sealhulgas klaaspindadel, ja selle sisaldavad kaitsvad ained seonduvad isegi klaasidega, suurendades nende t\u00f5rjuvust. Eriti s\u00e4\u00e4stlik kontsentraat, \u00fchest pudelist piisab 25-30 auto pesemiseks! Shampoon lahjendatakse suhtega 15-30 ml shampooni 10 liitri vee kohta, mis teeb selle umbes 10 korda s\u00e4\u00e4stlikumaks kui t\u00fc\u00fcpilised turushampoonid. K\u00f5ige t\u00e4htsam on aga see, et aine eemaldab v\u00e4rvipinnalt ainult mustuse, kahjustamata olemasolevat kaitsekihti (vaha,keraamilist kaitset). shampoon loob nii puhtale (kaitseta) kui ka vahatatud v\u00f5i kaetud pinnale kaitsekihi, suurendades pinnat\u00f5rjuvust ja pikendades all oleva kaitsetoote kestust.<\/p>\n","protected":false},"featured_media":1947,"comment_status":"closed","ping_status":"open","template":"","meta":{"_monsterinsights_skip_tracking":false,"_monsterinsights_sitenote_active":false,"_monsterinsights_sitenote_note":"","_monsterinsights_sitenote_category":0},"product_brand":[],"product_cat":[27],"product_tag":[],"class_list":{"0":"post-1946","1":"product","2":"type-product","3":"status-publish","4":"has-post-thumbnail","6":"product_cat-kaitseained","7":"pa_brand-king-carthur","8":"pa_kestvus-25-30-autot","9":"pa_lahjendussuhe-1300-1500","10":"pa_uhiku-hind-45-8e-l","12":"first","13":"instock","14":"taxable","15":"shipping-taxable","16":"purchasable","17":"product-type-simple"},"_links":{"self":[{"href":"https:\/\/chemicalstore.ee\/ru\/wp-json\/wp\/v2\/product\/1946","targetHints":{"allow":["GET"]}}],"collection":[{"href":"https:\/\/chemicalstore.ee\/ru\/wp-json\/wp\/v2\/product"}],"about":[{"href":"https:\/\/chemicalstore.ee\/ru\/wp-json\/wp\/v2\/types\/product"}],"replies":[{"embeddable":true,"href":"https:\/\/chemicalstore.ee\/ru\/wp-json\/wp\/v2\/comments?post=1946"}],"wp:featuredmedia":[{"embeddable":true,"href":"https:\/\/chemicalstore.ee\/ru\/wp-json\/wp\/v2\/media\/1947"}],"wp:attachment":[{"href":"https:\/\/chemicalstore.ee\/ru\/wp-json\/wp\/v2\/media?parent=1946"}],"wp:term":[{"taxonomy":"product_brand","embeddable":true,"href":"https:\/\/chemicalstore.ee\/ru\/wp-json\/wp\/v2\/product_brand?post=1946"},{"taxonomy":"product_cat","embeddable":true,"href":"https:\/\/chemicalstore.ee\/ru\/wp-json\/wp\/v2\/product_cat?post=1946"},{"taxonomy":"product_tag","embeddable":true,"href":"https:\/\/chemicalstore.ee\/ru\/wp-json\/wp\/v2\/product_tag?post=1946"}],"curies":[{"name":"wp","href":"https:\/\/api.w.org\/{rel}","templated":true}]}}