{"id":1940,"date":"2024-10-02T13:07:37","date_gmt":"2024-10-02T13:07:37","guid":{"rendered":"https:\/\/chemicalstore.ee\/toode\/rich-shampoo-500ml\/"},"modified":"2024-10-02T13:07:42","modified_gmt":"2024-10-02T13:07:42","slug":"rich-shampoo-500ml","status":"publish","type":"product","link":"https:\/\/chemicalstore.ee\/ru\/toode\/rich-shampoo-500ml\/","title":{"rendered":"Rich shampoo 500ml"},"content":{"rendered":"<p>King Carthur Rich Shampoo Gen2 on uuesti s\u00fcndinud klassik, mis on veelgi t\u00f5husam, keskkonna- ja kasutajas\u00f5bralikum ning mitmek\u00fclgsem versioon KC k\u00f5ige populaarsemast neutraalsest autoshampoonist! Hoiatusm\u00e4rkidest t\u00e4ielikult vaba, varasemast tugevamini vahutav ja libe Rich Shampoo Gen2 sobib nii hoolduspesuks kui ka enne kaitset tehtavaks p\u00f5hjalikuks pesuks. See loob \u00e4\u00e4rmiselt libeda kihi pesuvahendi ja pestava pinna vahele, hoides \u00e4ra mustuse h\u00f5\u00f5rdumise pinna k\u00fclge ja pesukriimustuste tekkimise. Uue p\u00f5lvkonna shampooni v\u00f5ib vajadusel peale kanda ka vahustajaga, mis v\u00e4ldib t\u00f6\u00f6mahuka \u0161ampoonivee k\u00e4sitsi pealekandmise! Shampooni lahjendussuhe (kuni 1:400) teeb sellest erakordselt s\u00e4\u00e4stliku ja \u00fche pudeliga saab pesta k\u00fcmneid kordi. T\u00e4ielikult vahaturvaline Rich Shampoo Gen2 eemaldab v\u00e4rvipinnalt ainult mustuse, kahjustamata all olevat vahakihti v\u00f5i katet, ega j\u00e4ta maha mingeid kaitseaineid, vaid ainult t\u00e4iuslikult puhta pinna. Shampooni tugev vahutavus ja meeldiv magusa \u00f5una l\u00f5hn t\u00e4iendavad pesukogemust.<\/p>\n","protected":false},"excerpt":{"rendered":"<p>King CarthurRich Shampoo ei sisalda lahusteid, leeliseid, fosfaate, NTA-d (nitrilotri\u00e4\u00e4dikhapet) ega muid kahjulikke aineid, vaid ainult pesutulemuse seisukohalt olulisi, ohutuid ja t\u00f5husaid pindaktiivseid aineid. See teeb shampoonist turvalise k\u00f5ikidele s\u00f5iduki v\u00e4listele pindadele materjalist v\u00f5i v\u00e4rvist s\u00f5ltumata. Ei kahjusta isegi k\u00f5ige tundlikumaid pindu nagu n\u00e4iteks kroomi, poleeritud alumiiniumi v\u00f5i plasti. Sobib lisaks autodele ka n\u00e4iteks haagissuvilate ja -autode, haagiste, paatide, raskeveokite ja isegi ATV-de pesuks.<\/p>\n","protected":false},"featured_media":1941,"comment_status":"closed","ping_status":"open","template":"","meta":{"_monsterinsights_skip_tracking":false,"_monsterinsights_sitenote_active":false,"_monsterinsights_sitenote_note":"","_monsterinsights_sitenote_category":0},"product_brand":[],"product_cat":[35],"product_tag":[],"class_list":{"0":"post-1940","1":"product","2":"type-product","3":"status-publish","4":"has-post-thumbnail","6":"product_cat-puhastusvahendid-autohooldustooted","7":"pa_brand-king-carthur","8":"pa_lahjendussuhe-1200-1400","9":"pa_lohn-varske-oun","10":"pa_uhiku-hind-29-8e-l","12":"first","13":"instock","14":"taxable","15":"shipping-taxable","16":"purchasable","17":"product-type-simple"},"_links":{"self":[{"href":"https:\/\/chemicalstore.ee\/ru\/wp-json\/wp\/v2\/product\/1940","targetHints":{"allow":["GET"]}}],"collection":[{"href":"https:\/\/chemicalstore.ee\/ru\/wp-json\/wp\/v2\/product"}],"about":[{"href":"https:\/\/chemicalstore.ee\/ru\/wp-json\/wp\/v2\/types\/product"}],"replies":[{"embeddable":true,"href":"https:\/\/chemicalstore.ee\/ru\/wp-json\/wp\/v2\/comments?post=1940"}],"wp:featuredmedia":[{"embeddable":true,"href":"https:\/\/chemicalstore.ee\/ru\/wp-json\/wp\/v2\/media\/1941"}],"wp:attachment":[{"href":"https:\/\/chemicalstore.ee\/ru\/wp-json\/wp\/v2\/media?parent=1940"}],"wp:term":[{"taxonomy":"product_brand","embeddable":true,"href":"https:\/\/chemicalstore.ee\/ru\/wp-json\/wp\/v2\/product_brand?post=1940"},{"taxonomy":"product_cat","embeddable":true,"href":"https:\/\/chemicalstore.ee\/ru\/wp-json\/wp\/v2\/product_cat?post=1940"},{"taxonomy":"product_tag","embeddable":true,"href":"https:\/\/chemicalstore.ee\/ru\/wp-json\/wp\/v2\/product_tag?post=1940"}],"curies":[{"name":"wp","href":"https:\/\/api.w.org\/{rel}","templated":true}]}}