{"id":1927,"date":"2024-10-02T13:07:37","date_gmt":"2024-10-02T13:07:37","guid":{"rendered":"https:\/\/chemicalstore.ee\/toode\/tar-remover-500ml\/"},"modified":"2024-10-02T13:07:40","modified_gmt":"2024-10-02T13:07:40","slug":"tar-remover-500ml","status":"publish","type":"product","link":"https:\/\/chemicalstore.ee\/ru\/toode\/tar-remover-500ml\/","title":{"rendered":"Tar remover 500ml"},"content":{"rendered":"<p>King Carthur pigieemaldaja on k\u00f5ige t\u00f5husam meile teadaolev pigieemaldusvahend, mille \u00e4\u00e4rmiselt kiiretoimeline koostis lahustab v\u00e4rvi pinnale ja velgedele kinni j\u00e4\u00e4nud t\u00f5rva- ja pigiplekid hetkega. Aine s\u00fcsivesinikup\u00f5hised lahustid pehmendavad t\u00f5husalt ka liimi, vaigu, bituumeni, puu mahla ning n\u00e4iteks putukate j\u00e4\u00e4ke ja muud v\u00e4ga rasket mustust, muutes aine t\u00f5eliselt mitmek\u00fclgseks. Lisaks saab seda kasutada n\u00e4iteks auto mudelit\u00e4histe, velje raskuste v\u00f5i isegi tumenduskile eemaldamise j\u00e4rgse liimi eemaldamiseks. King Carthur T\u00f5rva Eemaldaja t\u00f6\u00f6tab suurep\u00e4raselt osana auto p\u00f5hjalikust pesust ning alati, kui on vaja eemaldada k\u00f5ige sissejuurdunumaid pigiplekke. Selle kiiruse ja t\u00f5hususe t\u00f5ttu soovitame ainet eriti professionaalseks kasutamiseks!<\/p>\n","protected":false},"excerpt":{"rendered":"<p>King CarthurAine sobib k\u00f5ikidele v\u00e4rvitud pindadele, velgedele,v\u00e4lisplastikule ja klaasile, kuid teibitud pindadele me seda liimieemaldusomaduse t\u00f5ttu ei soovita. \u00c4\u00e4rmise t\u00f5hususe t\u00f5ttu ei pruugi see vajada isegi eraldi p\u00fchkimist, vaid lihtsalt pihustamine kuivale pinnale,reaktsiooni toimimine ja loputamine piisab k\u00f5ige kinnitunumate mustuste eemaldamiseks! Sobib kasutamiseks ka silikoonide, vahapinna, \u00f5li-, rasva- ja k\u00fctusej\u00e4\u00e4kide eemaldamiseks.Kasutusvalmis koos kvaliteetse pihustiga.<\/p>\n","protected":false},"featured_media":1928,"comment_status":"closed","ping_status":"open","template":"","meta":{"_monsterinsights_skip_tracking":false,"_monsterinsights_sitenote_active":false,"_monsterinsights_sitenote_note":"","_monsterinsights_sitenote_category":0},"product_brand":[],"product_cat":[35],"product_tag":[],"class_list":{"0":"post-1927","1":"product","2":"type-product","3":"status-publish","4":"has-post-thumbnail","6":"product_cat-puhastusvahendid-autohooldustooted","7":"pa_brand-king-carthur","8":"pa_kestvus-500-ml-piisab-2-4-auto-puhastamiseks-olenevalt-mustuse-tasemest","9":"pa_uhiku-hind-33-8e-l","11":"first","12":"instock","13":"taxable","14":"shipping-taxable","15":"purchasable","16":"product-type-simple"},"_links":{"self":[{"href":"https:\/\/chemicalstore.ee\/ru\/wp-json\/wp\/v2\/product\/1927","targetHints":{"allow":["GET"]}}],"collection":[{"href":"https:\/\/chemicalstore.ee\/ru\/wp-json\/wp\/v2\/product"}],"about":[{"href":"https:\/\/chemicalstore.ee\/ru\/wp-json\/wp\/v2\/types\/product"}],"replies":[{"embeddable":true,"href":"https:\/\/chemicalstore.ee\/ru\/wp-json\/wp\/v2\/comments?post=1927"}],"wp:featuredmedia":[{"embeddable":true,"href":"https:\/\/chemicalstore.ee\/ru\/wp-json\/wp\/v2\/media\/1928"}],"wp:attachment":[{"href":"https:\/\/chemicalstore.ee\/ru\/wp-json\/wp\/v2\/media?parent=1927"}],"wp:term":[{"taxonomy":"product_brand","embeddable":true,"href":"https:\/\/chemicalstore.ee\/ru\/wp-json\/wp\/v2\/product_brand?post=1927"},{"taxonomy":"product_cat","embeddable":true,"href":"https:\/\/chemicalstore.ee\/ru\/wp-json\/wp\/v2\/product_cat?post=1927"},{"taxonomy":"product_tag","embeddable":true,"href":"https:\/\/chemicalstore.ee\/ru\/wp-json\/wp\/v2\/product_tag?post=1927"}],"curies":[{"name":"wp","href":"https:\/\/api.w.org\/{rel}","templated":true}]}}