{"id":1926,"date":"2024-10-02T13:07:37","date_gmt":"2024-10-02T13:07:37","guid":{"rendered":"https:\/\/chemicalstore.ee\/toode\/spray-coat-500ml\/"},"modified":"2024-10-02T13:07:39","modified_gmt":"2024-10-02T13:07:39","slug":"spray-coat-500ml","status":"publish","type":"product","link":"https:\/\/chemicalstore.ee\/ru\/toode\/spray-coat-500ml\/","title":{"rendered":"Spray coat 500ml"},"content":{"rendered":"<p>King Carthur Spray Coat on erakordselt lihtsasti ja kiirelt kasutatav keraamilise kattega &#8220;piserda ja loputa&#8221; t\u00fc\u00fcpi kaitseaine, mis sobib k\u00f5ikidele s\u00f5iduki v\u00e4listele pindadele! Aine ei n\u00f5ua mingit levitamist v\u00f5i p\u00fchkimist, vaid seda kasutatakse otse m\u00e4rjale, pestud pinnale ja loputatakse maha. See seob pinnaga kohe p\u00e4rast loputamist, luues t\u00f5eliselt h\u00fcdrofoobse kaitsekile, mis t\u00f5rjub efektiivselt vett ja mustust. Lisaks parandab Spray Coat v\u00e4rvi pinna l\u00e4iget ja t\u00e4nu suurep\u00e4rasele t\u00f5rjuvusele muutub puhastamine oluliselt lihtsamaks! Spray Coat t\u00f6\u00f6tab v\u00e4rvi pinnal lisaks k\u00f5igil teistel v\u00e4lispindadel, nagu n\u00e4iteks veljed, klaas, plastik, kumm ja isegi teibitud pinnad. Tootja lubab Spray Coat&#8217;i kestvuseks kuni kolm kuud! Spray Coat sobib kasutamiseks kas \u00fcksi pindade ainsa kaitsetootena v\u00f5i kattete ja vahade peal, parandades nende kestvust, t\u00f5rjuvust ja l\u00e4iget. T\u00e4nu keraamilistele koostisosadele taastab aine ka &#8220;ummistunud&#8221; katte algse h\u00fcdrofoobsuse! Spray Coat sobib suurep\u00e4raselt autodele lisaks n\u00e4iteks mootorratastele, ATV-dele ja raskeveokite s\u00f5idukitele ning t\u00f6\u00f6masinatele t\u00e4nu selle kasutuslihtsusele. Biolagunevana sobib aine ka koduaias pesemiseks.<\/p>\n","protected":false},"excerpt":{"rendered":"<p>King CarthurKing Carthur Spray Coat on erakordselt lihtsasti ja kiirelt kasutatav keraamilise kaitsega aine&#8221;pihusta ja loputa&#8221; t\u00fc\u00fcpi kaitseaine, mis sobib k\u00f5ikidele s\u00f5iduki v\u00e4listele pindadele! Aine ei n\u00f5ua mingit p\u00fchkimist, vaid seda kasutatakse otse m\u00e4rjale, pestud pinnale ja loputatakse maha. See seob pinnaga kohe p\u00e4rast loputamist, luues t\u00f5eliselt h\u00fcdrofoobse kaitsekile, mis t\u00f5rjub efektiivselt vett ja mustust.<\/p>\n","protected":false},"featured_media":3904,"comment_status":"closed","ping_status":"open","template":"","meta":{"_monsterinsights_skip_tracking":false,"_monsterinsights_sitenote_active":false,"_monsterinsights_sitenote_note":"","_monsterinsights_sitenote_category":0},"product_brand":[],"product_cat":[27],"product_tag":[],"class_list":{"0":"post-1926","1":"product","2":"type-product","3":"status-publish","4":"has-post-thumbnail","6":"product_cat-kaitseained","7":"pa_brand-king-carthur","8":"pa_kestvus-12-nadalat-3000-km","9":"pa_uhiku-hind-35-8e-l","11":"first","12":"instock","13":"taxable","14":"shipping-taxable","15":"purchasable","16":"product-type-simple"},"_links":{"self":[{"href":"https:\/\/chemicalstore.ee\/ru\/wp-json\/wp\/v2\/product\/1926","targetHints":{"allow":["GET"]}}],"collection":[{"href":"https:\/\/chemicalstore.ee\/ru\/wp-json\/wp\/v2\/product"}],"about":[{"href":"https:\/\/chemicalstore.ee\/ru\/wp-json\/wp\/v2\/types\/product"}],"replies":[{"embeddable":true,"href":"https:\/\/chemicalstore.ee\/ru\/wp-json\/wp\/v2\/comments?post=1926"}],"wp:featuredmedia":[{"embeddable":true,"href":"https:\/\/chemicalstore.ee\/ru\/wp-json\/wp\/v2\/media\/3904"}],"wp:attachment":[{"href":"https:\/\/chemicalstore.ee\/ru\/wp-json\/wp\/v2\/media?parent=1926"}],"wp:term":[{"taxonomy":"product_brand","embeddable":true,"href":"https:\/\/chemicalstore.ee\/ru\/wp-json\/wp\/v2\/product_brand?post=1926"},{"taxonomy":"product_cat","embeddable":true,"href":"https:\/\/chemicalstore.ee\/ru\/wp-json\/wp\/v2\/product_cat?post=1926"},{"taxonomy":"product_tag","embeddable":true,"href":"https:\/\/chemicalstore.ee\/ru\/wp-json\/wp\/v2\/product_tag?post=1926"}],"curies":[{"name":"wp","href":"https:\/\/api.w.org\/{rel}","templated":true}]}}