{"id":1925,"date":"2024-10-02T13:07:37","date_gmt":"2024-10-02T13:07:37","guid":{"rendered":"https:\/\/chemicalstore.ee\/toode\/wipe-coat-500ml\/"},"modified":"2024-10-02T13:07:39","modified_gmt":"2024-10-02T13:07:39","slug":"wipe-coat-500ml","status":"publish","type":"product","link":"https:\/\/chemicalstore.ee\/ru\/toode\/wipe-coat-500ml\/","title":{"rendered":"Wipe coat 500ml"},"content":{"rendered":"<p>King Carthur Wipe Coat Gen2 on uuendatud versioon KC v\u00e4ga vastupidavast, mikrokiudlapiga levitatavast kaitsevahendist. Lihtne ja kiirekasutuslik Wipe Coat Gen2 kannab sama nime kui selle eelk\u00e4ija ning pakub sama l\u00e4ikivat, libedat ja h\u00fcdrofoobset l\u00f5pptulemust, kuid teeb seda n\u00fc\u00fcd lisaks t\u00e4ielikult keskkonna- ja kasutajas\u00f5bralikult! Veep\u00f5hine Wipe Coat Gen2 ei sisalda lahusteid ja selle tootmisel on kasutatud ainult keskkonnas\u00f5bralikke tooraineid. Aine unikaalne koostis loob v\u00e4rvipinnale kuni neljaks kuuks kestva ja n\u00e4htamatu kaitsekile, mille tugevalt t\u00f5rjuvate omaduste t\u00f5ttu ei j\u00e4\u00e4 mustuseosakesed v\u00e4rvipinnale kinni, vaid isegi raskem mustus, nagu t\u00f5rv ja piduritolm, eemalduvad pesemisel m\u00e4rkimisv\u00e4\u00e4rselt kergemini ja auto p\u00fcsib kauem puhtana. Suurep\u00e4rase kaitse lisaks r\u00f5hutab aine v\u00e4rvipinna v\u00e4rvi ja s\u00fcvendab selle l\u00e4iget, mist\u00f5ttu puhas pind tuleb t\u00f5eliselt esile ja saavutatakse suurep\u00e4rane, viimistletud ja pikaajaline l\u00f5pptulemus veelgi v\u00e4hema vaevaga. Kasutuskogemuse teeb t\u00e4iuslikuks aine uskumatult hea l\u00f5hn, mis hellitab haistmismeelt terve pealekandmise aja! Wipe Coat Gen2 on hoiatusm\u00e4rgistest t\u00e4iesti vaba, seega on see nii keskkonna- kui ka kasutajas\u00f5bralik.<\/p>\n","protected":false},"excerpt":{"rendered":"<p>King CarthurLihtsalt pealekantav Wipe Coat Gen2 kaitseb \u00fche korraga kogu auto v\u00e4rvipinda ja tootja lubab ainele kestust kuni 4 kuud \/ 5000 km. Ainet saab kasutada kas auto ainsa kaitsevahendina v\u00f5i elustamaks juba v\u00e4sinud vahapinda v\u00f5i katet, pikendades nende kestust ja t\u00f5rjuvaid omadusi. \u00c4\u00e4rmiselt s\u00e4\u00e4stlik koostis, \u00fchest pudelist piisab kuni 20 auto kaitsmiseks!<\/p>\n","protected":false},"featured_media":3912,"comment_status":"closed","ping_status":"open","template":"","meta":{"_monsterinsights_skip_tracking":false,"_monsterinsights_sitenote_active":false,"_monsterinsights_sitenote_note":"","_monsterinsights_sitenote_category":0},"product_brand":[],"product_cat":[27],"product_tag":[],"class_list":{"0":"post-1925","1":"product","2":"type-product","3":"status-publish","4":"has-post-thumbnail","6":"product_cat-kaitseained","7":"pa_brand-king-carthur","8":"pa_kestvus-4-kuud-5000-km","9":"pa_pakend-plastpudel-turvakorgiga-kaasas-pihusti-pea","10":"pa_uhiku-hind-59-8e-l","12":"first","13":"instock","14":"taxable","15":"shipping-taxable","16":"purchasable","17":"product-type-simple"},"_links":{"self":[{"href":"https:\/\/chemicalstore.ee\/ru\/wp-json\/wp\/v2\/product\/1925","targetHints":{"allow":["GET"]}}],"collection":[{"href":"https:\/\/chemicalstore.ee\/ru\/wp-json\/wp\/v2\/product"}],"about":[{"href":"https:\/\/chemicalstore.ee\/ru\/wp-json\/wp\/v2\/types\/product"}],"replies":[{"embeddable":true,"href":"https:\/\/chemicalstore.ee\/ru\/wp-json\/wp\/v2\/comments?post=1925"}],"wp:featuredmedia":[{"embeddable":true,"href":"https:\/\/chemicalstore.ee\/ru\/wp-json\/wp\/v2\/media\/3912"}],"wp:attachment":[{"href":"https:\/\/chemicalstore.ee\/ru\/wp-json\/wp\/v2\/media?parent=1925"}],"wp:term":[{"taxonomy":"product_brand","embeddable":true,"href":"https:\/\/chemicalstore.ee\/ru\/wp-json\/wp\/v2\/product_brand?post=1925"},{"taxonomy":"product_cat","embeddable":true,"href":"https:\/\/chemicalstore.ee\/ru\/wp-json\/wp\/v2\/product_cat?post=1925"},{"taxonomy":"product_tag","embeddable":true,"href":"https:\/\/chemicalstore.ee\/ru\/wp-json\/wp\/v2\/product_tag?post=1925"}],"curies":[{"name":"wp","href":"https:\/\/api.w.org\/{rel}","templated":true}]}}