{"id":1924,"date":"2024-10-02T13:07:37","date_gmt":"2024-10-02T13:07:37","guid":{"rendered":"https:\/\/chemicalstore.ee\/toode\/quick-coat-500ml\/"},"modified":"2024-10-02T13:07:38","modified_gmt":"2024-10-02T13:07:38","slug":"quick-coat-500ml","status":"publish","type":"product","link":"https:\/\/chemicalstore.ee\/ru\/toode\/quick-coat-500ml\/","title":{"rendered":"Quick Coat 500ml"},"content":{"rendered":"<p>King Carthur QuickCoat on vahtuv kaitseaine, mis suurendab s\u00f5iduki v\u00e4rvipinna l\u00e4iget ja t\u00f5rjuvust ning muudab puhastamise palju lihtsamaks. T\u00e4nu unikaalsetele koostisosadele moodustab QuickCoat mitte ainult v\u00e4rvipinnale, vaid ka plastikule, kummile ja klaasile n\u00e4htamatu ja h\u00fcdrofoobse kaitsekile, nii et terve auto saab korraga kaitsta stressi ja saaste eest. QuickCoat on parim, kui seda rakendada vaha v\u00f5i kaitsekihi peale, kuna see taastab t\u00e4iuslikult juba kuivanud kaitsetoote parimad omadused, nagu l\u00e4ige ja h\u00fcdrofoobsus. Loomulikult t\u00f6\u00f6tab aine ka ainukese kaitsevahendina v\u00e4rvipinnale, kui pole aega v\u00f5i lihtsalt pole huvi vahatamise v\u00f5i katmisega tegeleda. T\u00e4nu selle kiirele ja lihtsale kasutamisele saab seda ainet kasutada ka suuremate s\u00f5idukite, nagu ehitusmasinad, matkaautod ja kuormaautod, kaitsmiseks. QuickCoat on \u00e4\u00e4rmiselt mitmek\u00fclgne ja \u00fchest pudelist piisab kuni 20 s\u00f5iduauto t\u00f6\u00f6tlemiseks! Rakendamine kas vahutaja v\u00f5i pumbapudeliga, kestab kuni 2 kuud!<\/p>\n","protected":false},"excerpt":{"rendered":"<p>King CarthurKing Carthur Quickcoat on t\u00f5eliselt lihtsasti kasutatav kaitseaine, mida peale pesu kantakse auto pinnale vahutaja abil ja loputatakse rohke veega maha. P\u00e4rast seda on auto kuivatamiseks valmis,auto kaitsmine pole kunagi varem olnud nii lihtne! T\u00e4nu vahutavale koostisele kulub \u00fche t\u00f6\u00f6tluse jaoks v\u00e4ga v\u00e4he materjali, mis teeb sellest ainulaadsek tooteks.<\/p>\n","protected":false},"featured_media":3790,"comment_status":"closed","ping_status":"open","template":"","meta":{"_monsterinsights_skip_tracking":false,"_monsterinsights_sitenote_active":false,"_monsterinsights_sitenote_note":"","_monsterinsights_sitenote_category":0},"product_brand":[],"product_cat":[27],"product_tag":[],"class_list":{"0":"post-1924","1":"product","2":"type-product","3":"status-publish","4":"has-post-thumbnail","6":"product_cat-kaitseained","7":"pa_brand-king-carthur","8":"pa_kasutuskordade-arv-kuni-20-kasutuskorda-500-ml","9":"pa_kestvus-kuni-2-kuud","10":"pa_uhiku-hind-55-8e-l","12":"first","13":"instock","14":"taxable","15":"shipping-taxable","16":"purchasable","17":"product-type-simple"},"_links":{"self":[{"href":"https:\/\/chemicalstore.ee\/ru\/wp-json\/wp\/v2\/product\/1924","targetHints":{"allow":["GET"]}}],"collection":[{"href":"https:\/\/chemicalstore.ee\/ru\/wp-json\/wp\/v2\/product"}],"about":[{"href":"https:\/\/chemicalstore.ee\/ru\/wp-json\/wp\/v2\/types\/product"}],"replies":[{"embeddable":true,"href":"https:\/\/chemicalstore.ee\/ru\/wp-json\/wp\/v2\/comments?post=1924"}],"wp:featuredmedia":[{"embeddable":true,"href":"https:\/\/chemicalstore.ee\/ru\/wp-json\/wp\/v2\/media\/3790"}],"wp:attachment":[{"href":"https:\/\/chemicalstore.ee\/ru\/wp-json\/wp\/v2\/media?parent=1924"}],"wp:term":[{"taxonomy":"product_brand","embeddable":true,"href":"https:\/\/chemicalstore.ee\/ru\/wp-json\/wp\/v2\/product_brand?post=1924"},{"taxonomy":"product_cat","embeddable":true,"href":"https:\/\/chemicalstore.ee\/ru\/wp-json\/wp\/v2\/product_cat?post=1924"},{"taxonomy":"product_tag","embeddable":true,"href":"https:\/\/chemicalstore.ee\/ru\/wp-json\/wp\/v2\/product_tag?post=1924"}],"curies":[{"name":"wp","href":"https:\/\/api.w.org\/{rel}","templated":true}]}}