{"id":1781,"date":"2024-03-26T15:28:14","date_gmt":"2024-03-26T15:28:14","guid":{"rendered":"https:\/\/chemicalstore.ee\/?page_id=1781"},"modified":"2024-03-26T15:34:01","modified_gmt":"2024-03-26T15:34:01","slug":"muugitingimused","status":"publish","type":"page","link":"https:\/\/chemicalstore.ee\/ru\/muugitingimused\/","title":{"rendered":"M\u00fc\u00fcgitingimused"},"content":{"rendered":"\t\t<div data-elementor-type=\"wp-page\" data-elementor-id=\"1781\" class=\"elementor elementor-1781\" data-elementor-post-type=\"page\">\n\t\t\t\t<div class=\"elementor-element elementor-element-a990274 e-flex e-con-boxed e-con e-parent\" data-id=\"a990274\" data-element_type=\"container\">\n\t\t\t\t\t<div class=\"e-con-inner\">\n\t\t\t\t<div class=\"elementor-element elementor-element-16a2f23 elementor-widget elementor-widget-heading\" data-id=\"16a2f23\" data-element_type=\"widget\" data-widget_type=\"heading.default\">\n\t\t\t\t<div class=\"elementor-widget-container\">\n\t\t\t<style>\/*! elementor - v3.21.0 - 25-04-2024 *\/\n.elementor-heading-title{padding:0;margin:0;line-height:1}.elementor-widget-heading .elementor-heading-title[class*=elementor-size-]>a{color:inherit;font-size:inherit;line-height:inherit}.elementor-widget-heading .elementor-heading-title.elementor-size-small{font-size:15px}.elementor-widget-heading .elementor-heading-title.elementor-size-medium{font-size:19px}.elementor-widget-heading .elementor-heading-title.elementor-size-large{font-size:29px}.elementor-widget-heading .elementor-heading-title.elementor-size-xl{font-size:39px}.elementor-widget-heading .elementor-heading-title.elementor-size-xxl{font-size:59px}<\/style><h1 class=\"elementor-heading-title elementor-size-default\">M\u00fc\u00fcgitingimused<\/h1>\t\t<\/div>\n\t\t\t\t<\/div>\n\t\t\t\t<div class=\"elementor-element elementor-element-4f48660 elementor-widget elementor-widget-text-editor\" data-id=\"4f48660\" data-element_type=\"widget\" data-widget_type=\"text-editor.default\">\n\t\t\t\t<div class=\"elementor-widget-container\">\n\t\t\t<style>\/*! elementor - v3.21.0 - 25-04-2024 *\/\n.elementor-widget-text-editor.elementor-drop-cap-view-stacked .elementor-drop-cap{background-color:#69727d;color:#fff}.elementor-widget-text-editor.elementor-drop-cap-view-framed .elementor-drop-cap{color:#69727d;border:3px solid;background-color:transparent}.elementor-widget-text-editor:not(.elementor-drop-cap-view-default) .elementor-drop-cap{margin-top:8px}.elementor-widget-text-editor:not(.elementor-drop-cap-view-default) .elementor-drop-cap-letter{width:1em;height:1em}.elementor-widget-text-editor .elementor-drop-cap{float:left;text-align:center;line-height:1;font-size:50px}.elementor-widget-text-editor .elementor-drop-cap-letter{display:inline-block}<\/style>\t\t\t\t<div title=\"Page 1\"><div><div><p>Veebipoe chemicalstore.ee (edaspidi Veebipood) omanik on <strong>Nordic Systems O\u00dc<\/strong> (registrikood 16296706), asukohaga <strong>Luha tn 2-6, 50703 Tartu linn, Tartu maakond.<\/strong><\/p><h3><strong>Kauba- ja hinnainfo<\/strong><\/h3><ul><li>Mu\u0308u\u0308gitingimused kehtivad\u00a0Veebipoest kaupade ostmisel.<\/li><li>Veebipoes mu\u0308u\u0308davate toodete hinnad on ma\u0308rgitud\u00a0toodete juurde.\u00a0<\/li><li>Teave kauba kohta on esitatud Veebipoes vahetult kauba juures.<\/li><\/ul><h3><strong>Tellimuse vormistamine<\/strong><\/h3><ul><li>Kauba tellimiseks tuleb lisada soovitud tooted ostukorvi. Tellimuse vormistamiseks tuleb\u00a0ta\u0308ita\u00a0no\u0303utud andmeva\u0308ljad ning valida sobiv toodete kohaletoimetamise viis. Seeja\u0308rel\u00a0kuvatakse ekraanile tasu suurus eurodes, mille saab tasuda pangalingi kaudu\u00a0vo\u0303i\u00a0muu makselahenduse abil.<\/li><li>Tellimus jo\u0303ustub alates tasumisele kuuluva summa laekumisest Veebipoe arvelduskontole.<\/li><li>Kui tellitud kaupa ei ole vo\u0303imalik tarnida seoses kauba lo\u0303ppemisega vo\u0303i muul po\u0303hjusel, teavitatakse sellest ostjat esimesel vo\u0303imalusel\u00a0ning tagastatakse tasutud raha (sh kauba\u00a0ka\u0308ttetoimetamise kulud) viivitamata, kuid mitte hiljem kui 14 pa\u0308eva jooksul teate saatmisest.<\/li><\/ul><h3><strong>Tellimuse t\u00e4itmine<\/strong><\/h3><ul><li>Tellimus \u201cKinnitatud\u201d staatus \u2013 oleme tellimuse k\u00e4tte saanud.<\/li><li>Tellimuse \u201cT\u00e4idetud\u201d staatus \u2013 Teie tellimus on komplekteeritud ning edastatud kullerile\/pakiautomaati.<\/li><li>Veebipoe tellimusi t\u00e4idame E-R 10-15, L 10-14.<\/li><\/ul><h3><strong>Kauba kohaletoimetamine\/k\u00e4ttesaamine<\/strong><\/h3><ul><li>Kaupu saadetakse Euroopa piires.<\/li><li>Kauba ka\u0308ttetoimetamise\u00a0tasu\u00a0so\u0303ltub ka\u0308ttetoimetamise viisist. Ka\u0308ttetoimetamise\u00a0tasu kuvatakse ostjale tellimuse vormistamisel.\u00a0<\/li><li>Alates 100\u20ac tellimusest on \u00fcle Eesti tarne tasuta. Alla 100\u20ac tellimuste tarne kulleriga 5,99\u20ac ning SmartPostiga 3,49\u20ac.<\/li><li>Eestisisesed saadetised\u00a0jo\u0303uavad u\u0308ldjuhul\u00a0ostja ma\u0308a\u0308ratud sihtpunkti\u00a02 to\u0308o\u0308pa\u0308eva jooksul\u00a0alates\u00a0tellimusest.<\/li><li>Tellides kauba ise j\u00e4reletulemisega on seda v\u00f5imalik teha t\u00f6\u00f6p\u00e4eviti vahemikus 9.30-16.30 aadressile Viljandi mnt 92, Tartu. Muudel aegadel kaubale j\u00e4rgitulemiseks, v\u00f5tke meiega \u00fchendust.<\/li><\/ul><h3><strong>Taganemiso\u0303igus<\/strong><\/h3><ul><li>Pa\u0308rast tellimuse ka\u0308ttesaamist on ostjal o\u0303igus e-poes so\u0303lmitud lepingust taganeda 14 pa\u0308eva jooksul (olenevalt toodetest ei pruugi ostjal taganemise o\u0303igust olla, vastavad tooted ja teenused tuleb sellisel juhul loetleda ning need peavad vastama\u00a0<a href=\"https:\/\/www.riigiteataja.ee\/akt\/961235?leiaKehtiv\" target=\"_blank\" rel=\"noopener\">vo\u0303lao\u0303igusseaduse<\/a>\u00a0\u00a7 53 lg-s 4 loetletud tingimustele).<\/li><li>Taganemiso\u0303igus ei kohaldu, kui ostjaks on juriidiline isik.<\/li><li>14-pa\u0308evase tagastamiso\u0303iguse kasutamiseks ei tohi tellitud kaupa kasutada muul viisil kui on vajalik kauba olemuses, omadustes ja toimimises veendumiseks viisil nagu see on lubatud kauba testimiseks fu\u0308u\u0308silises poes.<\/li><li>Kui kaupa on kasutatud muuks otstarbeks kui on vajalik kauba olemuses, omadustes ja toimimises veendumiseks vo\u0303i sellel on kasutamise vo\u0303i kulumise ma\u0308rke, on Veebipoel o\u0303igus alandada tagastatavat tasu vastavalt kauba va\u0308a\u0308rtuse va\u0308henemisele.<\/li><li>Kauba tagastamiseks tuleb esitada kauba ostmisest taganemise avaldus, mille vormi leiab siit:\u00a0<a href=\"http:\/\/e-kaubanduseliit.ee\/wp-content\/uploads\/2015\/01\/JM_m41_lisa1.pdf\" target=\"_blank\" rel=\"noopener\">taganemisavaldus<\/a> ning saata see e-posti aadressile info@chemicalstore.ee hiljemalt 14 pa\u0308eva jooksul kauba ka\u0308ttesaamisest.<\/li><li>Kauba tagastamise kulud kannab ostja, va\u0308lja arvatud juhul, kui tagastamise po\u0303hjus seisneb asjaolus, et tagastamisele kuuluv asi ei vasta tellitule (nt vale vo\u0303i defektiga asi).<\/li><li>Ostja peab kauba tagastama avalduse esitamisele ja\u0308rgneva 14 pa\u0308eva jooksul vo\u0303i esitama to\u0303endi, et ta on eelnimetatud perioodi jooksul kauba u\u0308le andnud kauba vedajale.<\/li><li>Veebipood tagastab tagastatava kauba ka\u0308ttesaamisel ostjale viivitamata, kuid mitte hiljem kui 14 pa\u0308eva mo\u0308o\u0308dumisel arvates taganemisavalduse saamisest, ko\u0303ik ostjalt lepingu alusel saadud tasud.<\/li><li>Veebipood vo\u0303ib keelduda tagasimaksete tegemisest seni, kuni on lepingu esemeks oleva asja tagasi saanud vo\u0303i kuni ostja on esitanud to\u0303endid, et on asja tagasi saatnud, so\u0303ltuvalt sellest, kumb toimub varem.<\/li><li>Kui ostja on so\u0303naselgelt valinud Veebipoe pakutud ko\u0303ige odavamast tavapa\u0308rasest asja ka\u0308ttetoimetamise viisist erineva ka\u0308ttetoimetamise viisi, ei pea Veebipood tarbijale tagastama kulu, mis u\u0308letab tavapa\u0308rase ka\u0308ttetoimetamise viisiga seotud kulu.<\/li><li>Veebipoel on o\u0303igus taganeda mu\u0308u\u0308gitehingust ning no\u0303uda ostjalt tagasi kaup, kui kauba hind veebipoes on eksituse to\u0303ttu ma\u0308rgitud oluliselt alla kauba turuhinna.<\/li><\/ul><\/div><\/div><\/div><div title=\"Page 2\"><div><div><h3><strong>Pretensiooni esitamise o\u0303igus<\/strong><\/h3><ul><li>Veebipood vastutab ostjale mu\u0308u\u0308dud kauba lepingutingimustele mittevastavuse vo\u0303i puuduse eest, mis oli olemas juba asja u\u0308leandmise hetkel ning mis ilmneb kuni kahe aasta jooksul, alates kauba u\u0308leandmisest ostjale. ellest esimese kuue kuu jooksul asja u\u0308leandmisest ostjale eeldatakse, et puudus oli olemas juba asja u\u0308leandmise ajal. Vastava eelduse u\u0308mberlu\u0308kkamine on Veebipoe kohustus.<\/li><li>Ostjal on o\u0303igus puuduse ilmnemisel po\u0308o\u0308rduda hiljemalt kahe kuu jooksul veebipoe poole, saates e-kirja aadressile info@chemicalstore.ee vo\u0303i helistada telefonil: +372 5481 0888<\/li><li>Veebipood ei vastuta puuduste eest, mis on tekkinud pa\u0308rast kauba u\u0308leandmist ostjale.<\/li><li>Kui Veebipoest ostetud kaubal on puudused, mille eest Veebipood vastutab, parandab vo\u0303i asendab Veebipood puudusega kauba. Kui kaupa ei ole vo\u0303imalik parandada ega asendada, tagastab Veebipood ostjale ko\u0303ik mu\u0308u\u0308gilepinguga kaasnenud tasud.<\/li><li>Veebipood vastab tarbija esitatud kaebusele kirjalikult vo\u0303i kirjalikku taasesitamist vo\u0303imaldavas vormis 15 pa\u0308eva jooksul.<\/li><\/ul><\/div><\/div><\/div><div title=\"Page 3\"><div><div><h3><strong>Otseturustus ja isikuandmete to\u0308o\u0308tlemine<\/strong><\/h3><ul><li>Veebipood kasutab ostja poolt sisestatud isikuandmeid (sh nimi, telefoninumber, aadress, e-maili aadress, pangarekvisiidid) ainult tellimuse to\u0308o\u0308tlemiseks ning kauba ostjale saatmiseks. Veebipood edastab isikuandmeid veoteenust pakkuvale ettevo\u0303tetele selleks, et kohale toimetada kaupa. Nordic Systems O\u00dc on isikuandmete vastutav t\u00f6\u00f6tleja ning edastab maksete teostamiseks vajalikud isikuandmed volitatud t\u00f6\u00f6tleja Montonio Finance O\u00dc-le<\/li><li>Veebipood saadab ostjale uudiskirju ning pakkumisi ostja e-maili aadressile ainult juhul, kui ostja on selleks avaldanud soovi sisestades veebilehel e-kirja aadressi ning andnud teada oma soovist otsepostituse teadete saamiseks.<\/li><li>Ostjal on igal ajal vo\u0303imalik loobuda e-postile saadetavatest pakkumistest ja uudiskirjadest andes sellest meile teada e-kirja teel vo\u0303i ja\u0308rgides pakkumisi sisaldava e-kirjas toodud juhiseid.<\/li><\/ul><h3><strong>Vaidluste lahendamine<\/strong><\/h3><ul><li>Kui ostjal on Veebipoe osas pretensioone, tuleb need saata e-kirja teel aadressile info@chemicalstore.ee vo\u0303i helistada telefonil: +372 5481 0888<\/li><li>Kui ostja ja Veebipood ei suuda lahenda vaidlust kokkuleppe teel, siis on ostjal vo\u0303imalik po\u0308o\u0308rduda Tarbijavaidluste komisjoni poole. Menetlustingimustega saab tutvuda ning avaldust esitada\u00a0<a href=\"https:\/\/komisjon.ee\/et\" target=\"_blank\" rel=\"noopener\">siin<\/a>. Tarbijavaidluste komisjoni pa\u0308devuses on lahendada ostja ja Veebipoe vahel so\u0303lmitud lepingust tulenevaid vaidlusi. Ostja kaebuse la\u0308bivaatamine komisjonis on tasuta.<\/li><li>Ostja vo\u0303ib po\u0308o\u0308rduda Euroopa Liidu tarbijavaidlusi lahendava\u00a0<a href=\"https:\/\/ec.europa.eu\/consumers\/odr\/main\/index.cfm?event=main.home.chooseLanguage\" target=\"_blank\" rel=\"noopener\">platvormi<\/a>\u00a0poole.\u00a0<\/li><\/ul><\/div><\/div><\/div>\t\t\t\t\t\t<\/div>\n\t\t\t\t<\/div>\n\t\t\t\t\t<\/div>\n\t\t\t\t<\/div>\n\t\t\t\t<\/div>\n\t\t","protected":false},"excerpt":{"rendered":"<p>M\u00fc\u00fcgitingimused Veebipoe chemicalstore.ee (edaspidi Veebipood) omanik on Nordic Systems O\u00dc (registrikood 16296706), asukohaga Luha tn 2-6, 50703 Tartu linn, Tartu maakond. Kauba- ja hinnainfo Mu\u0308u\u0308gitingimused kehtivad\u00a0Veebipoest kaupade ostmisel. Veebipoes mu\u0308u\u0308davate toodete hinnad on ma\u0308rgitud\u00a0toodete juurde.\u00a0 Teave kauba kohta on esitatud Veebipoes vahetult kauba juures. Tellimuse vormistamine Kauba tellimiseks tuleb lisada soovitud tooted ostukorvi. Tellimuse vormistamiseks [&hellip;]<\/p>\n","protected":false},"author":1,"featured_media":0,"parent":0,"menu_order":0,"comment_status":"closed","ping_status":"closed","template":"elementor_header_footer","meta":{"_monsterinsights_skip_tracking":false,"_monsterinsights_sitenote_active":false,"_monsterinsights_sitenote_note":"","_monsterinsights_sitenote_category":0,"footnotes":""},"class_list":["post-1781","page","type-page","status-publish","hentry"],"_links":{"self":[{"href":"https:\/\/chemicalstore.ee\/ru\/wp-json\/wp\/v2\/pages\/1781","targetHints":{"allow":["GET"]}}],"collection":[{"href":"https:\/\/chemicalstore.ee\/ru\/wp-json\/wp\/v2\/pages"}],"about":[{"href":"https:\/\/chemicalstore.ee\/ru\/wp-json\/wp\/v2\/types\/page"}],"author":[{"embeddable":true,"href":"https:\/\/chemicalstore.ee\/ru\/wp-json\/wp\/v2\/users\/1"}],"replies":[{"embeddable":true,"href":"https:\/\/chemicalstore.ee\/ru\/wp-json\/wp\/v2\/comments?post=1781"}],"version-history":[{"count":5,"href":"https:\/\/chemicalstore.ee\/ru\/wp-json\/wp\/v2\/pages\/1781\/revisions"}],"predecessor-version":[{"id":1786,"href":"https:\/\/chemicalstore.ee\/ru\/wp-json\/wp\/v2\/pages\/1781\/revisions\/1786"}],"wp:attachment":[{"href":"https:\/\/chemicalstore.ee\/ru\/wp-json\/wp\/v2\/media?parent=1781"}],"curies":[{"name":"wp","href":"https:\/\/api.w.org\/{rel}","templated":true}]}}